{"id":30128,"date":"2026-05-07T16:48:50","date_gmt":"2026-05-07T16:48:50","guid":{"rendered":"https:\/\/ccemining.com\/?page_id=30128"},"modified":"2026-05-08T10:15:37","modified_gmt":"2026-05-08T10:15:37","slug":"insights","status":"publish","type":"page","link":"https:\/\/ccemining.com\/en\/insights\/","title":{"rendered":"Insights"},"content":{"rendered":"<div data-elementor-type=\"wp-page\" data-elementor-id=\"30128\" class=\"elementor elementor-30128\" data-elementor-settings=\"{&quot;ha_cmc_init_switcher&quot;:&quot;no&quot;}\">\n\t\t\t\t\r\n\t\t<div class=\"default no-position show_shadow rs-sticky-default elementor-element elementor-element-4685d768 e-flex e-con-boxed e-con e-parent\" data-id=\"4685d768\" data-element_type=\"container\" data-e-type=\"container\" data-settings=\"{&quot;_ha_eqh_enable&quot;:false}\">\n\t\t\t\t\t<div class=\"e-con-inner\">\n\t\t\r\n\t\t\t\t<div class=\"elementor-element elementor-element-601f42e elementor-widget elementor-widget-heading\" data-id=\"601f42e\" data-element_type=\"widget\" data-e-type=\"widget\" data-widget_type=\"heading.default\">\n\t\t\t\t\t<h2 class=\"elementor-heading-title elementor-size-default\">Insights<\/h2>\t\t\t\t<\/div>\n\t\t\r\n\t\t\t\t<div class=\"elementor-element elementor-element-a2180a0 elementor-widget-divider--view-line elementor-widget elementor-widget-divider\" data-id=\"a2180a0\" data-element_type=\"widget\" data-e-type=\"widget\" data-widget_type=\"divider.default\">\n\t\t\t\t\t\t\t<div class=\"elementor-divider\">\n\t\t\t<span class=\"elementor-divider-separator\">\n\t\t\t\t\t\t<\/span>\n\t\t<\/div>\n\t\t\t\t\t\t<\/div>\n\t\t\t\t\t<\/div>\n\t\t\t\t<\/div>\n\t\t\r\n\t\t<div class=\"default no-position show_shadow rs-sticky-default elementor-element elementor-element-4980dfc e-flex e-con-boxed e-con e-parent\" data-id=\"4980dfc\" data-element_type=\"container\" data-e-type=\"container\" data-settings=\"{&quot;_ha_eqh_enable&quot;:false}\">\n\t\t\t\t\t<div class=\"e-con-inner\">\n\t\t\r\n\t\t<div class=\"default no-position show_shadow rs-sticky-default elementor-element elementor-element-baf3643 e-con-full e-flex e-con e-child\" data-id=\"baf3643\" data-element_type=\"container\" data-e-type=\"container\" data-settings=\"{&quot;_ha_eqh_enable&quot;:false}\">\n\t\t\r\n\t\t\t\t<div class=\"elementor-element elementor-element-6bcf0f7 elementor-widget elementor-widget-image\" data-id=\"6bcf0f7\" data-element_type=\"widget\" data-e-type=\"widget\" data-widget_type=\"image.default\">\n\t\t\t\t\t\t\t\t\t\t\t\t\t\t\t<img fetchpriority=\"high\" decoding=\"async\" width=\"640\" height=\"426\" src=\"https:\/\/ccemining.com\/wp-content\/uploads\/2026\/05\/pexels-kelly-6595788-1024x682.jpg\" class=\"attachment-large size-large wp-image-30168\" alt=\"\" srcset=\"https:\/\/ccemining.com\/wp-content\/uploads\/2026\/05\/pexels-kelly-6595788-1024x682.jpg 1024w, https:\/\/ccemining.com\/wp-content\/uploads\/2026\/05\/pexels-kelly-6595788-300x200.jpg 300w, https:\/\/ccemining.com\/wp-content\/uploads\/2026\/05\/pexels-kelly-6595788-768x512.jpg 768w, https:\/\/ccemining.com\/wp-content\/uploads\/2026\/05\/pexels-kelly-6595788-1536x1023.jpg 1536w, https:\/\/ccemining.com\/wp-content\/uploads\/2026\/05\/pexels-kelly-6595788-2048x1364.jpg 2048w, https:\/\/ccemining.com\/wp-content\/uploads\/2026\/05\/pexels-kelly-6595788-18x12.jpg 18w\" sizes=\"(max-width: 640px) 100vw, 640px\" \/>\t\t\t\t\t\t\t\t\t\t\t\t\t\t\t<\/div>\n\t\t\r\n\t\t\t\t<div class=\"elementor-element elementor-element-c9792fe elementor-widget elementor-widget-text-editor\" data-id=\"c9792fe\" data-element_type=\"widget\" data-e-type=\"widget\" data-widget_type=\"text-editor.default\">\n\t\t\t\t\t\t\t\t\t<h5>NI 43-101 vs JORC: What Are the Differences for Your Mining Project?<\/h5><p>\u00ab\u00a0Dans l&rsquo;industrie mini\u00e8re mondiale, la transparence et la rigueur dans la d\u00e9claration des ressources et r\u00e9serves min\u00e9rales sont essentielles pour attirer les investisseurs&#8230;\u00a0\u00bb<\/p><p><a href=\"https:\/\/ccemining.com\/en\/article-1\/\"><span style=\"text-decoration: underline;\"><strong>Read more<\/strong><\/span><\/a><\/p><p><em>5 min de lecture<\/em><\/p>\t\t\t\t\t\t\t\t<\/div>\n\t\t\t\t<\/div>\n\t\t\r\n\t\t<div class=\"default no-position show_shadow rs-sticky-default elementor-element elementor-element-1866a88 e-con-full e-flex e-con e-child\" data-id=\"1866a88\" data-element_type=\"container\" data-e-type=\"container\" data-settings=\"{&quot;_ha_eqh_enable&quot;:false}\">\n\t\t\r\n\t\t\t\t<div class=\"elementor-element elementor-element-fdbcfb2 elementor-widget elementor-widget-image\" data-id=\"fdbcfb2\" data-element_type=\"widget\" data-e-type=\"widget\" data-widget_type=\"image.default\">\n\t\t\t\t\t\t\t\t\t\t\t\t\t\t\t<img decoding=\"async\" width=\"640\" height=\"427\" src=\"https:\/\/ccemining.com\/wp-content\/uploads\/2026\/05\/pexels-jplenio-2566850-1-1024x683.jpg\" class=\"attachment-large size-large wp-image-30281\" alt=\"\" srcset=\"https:\/\/ccemining.com\/wp-content\/uploads\/2026\/05\/pexels-jplenio-2566850-1-1024x683.jpg 1024w, https:\/\/ccemining.com\/wp-content\/uploads\/2026\/05\/pexels-jplenio-2566850-1-300x200.jpg 300w, https:\/\/ccemining.com\/wp-content\/uploads\/2026\/05\/pexels-jplenio-2566850-1-768x512.jpg 768w, https:\/\/ccemining.com\/wp-content\/uploads\/2026\/05\/pexels-jplenio-2566850-1-1536x1024.jpg 1536w, https:\/\/ccemining.com\/wp-content\/uploads\/2026\/05\/pexels-jplenio-2566850-1-2048x1365.jpg 2048w, https:\/\/ccemining.com\/wp-content\/uploads\/2026\/05\/pexels-jplenio-2566850-1-18x12.jpg 18w\" sizes=\"(max-width: 640px) 100vw, 640px\" \/>\t\t\t\t\t\t\t\t\t\t\t\t\t\t\t<\/div>\n\t\t\r\n\t\t\t\t<div class=\"elementor-element elementor-element-a387189 elementor-widget elementor-widget-text-editor\" data-id=\"a387189\" data-element_type=\"widget\" data-e-type=\"widget\" data-widget_type=\"text-editor.default\">\n\t\t\t\t\t\t\t\t\t<h5>How to Optimize Cut-Off Grade to Maximize Your Mining Project's NPV<\/h5><p>\u00ab\u00a0La teneur de coupure est peut-\u00eatre le param\u00e8tre le plus sous-estim\u00e9 de l&rsquo;ing\u00e9nierie mini\u00e8re. Trop haute, elle laisse du minerai rentable dans le sol. Trop basse, elle dilue les teneurs, alourdit les co\u00fbts de traitement et \u00e9rode la rentabilit\u00e9. Trouver le juste \u00e9quilibre n&rsquo;est pas une question d&rsquo;intuition \u2014 c&rsquo;est une discipline \u00e0 part enti\u00e8re.\u00a0\u00bb<\/p><p><a href=\"https:\/\/ccemining.com\/en\/article-2\/\"><span style=\"text-decoration: underline;\"><strong>Read more<\/strong><\/span><\/a><\/p><p><em>4 min de lecture<\/em><\/p>\t\t\t\t\t\t\t\t<\/div>\n\t\t\t\t<\/div>\n\t\t\r\n\t\t<div class=\"default no-position show_shadow rs-sticky-default elementor-element elementor-element-19bb566 e-con-full e-flex e-con e-child\" data-id=\"19bb566\" data-element_type=\"container\" data-e-type=\"container\" data-settings=\"{&quot;_ha_eqh_enable&quot;:false}\">\n\t\t\t\t<\/div>\n\t\t\r\n\t\t<div class=\"default no-position show_shadow rs-sticky-default elementor-element elementor-element-0728144 e-con-full e-flex e-con e-child\" data-id=\"0728144\" data-element_type=\"container\" data-e-type=\"container\" data-settings=\"{&quot;_ha_eqh_enable&quot;:false}\">\n\t\t\t\t<\/div>\n\t\t\t\t\t<\/div>\n\t\t\t\t<\/div>\n\t\t\t\t<\/div>","protected":false},"excerpt":{"rendered":"<p>Insights NI 43-101 vs JORC : quelles diff\u00e9rences pour votre projet minier ? \u00ab\u00a0Dans l&rsquo;industrie mini\u00e8re mondiale, la transparence et la rigueur dans la d\u00e9claration des ressources et r\u00e9serves min\u00e9rales sont essentielles pour attirer les investisseurs&#8230;\u00a0\u00bb Lire plus 5 min de lecture Comment optimiser la teneur de coupure pour maximiser la VAN de votre projet&#8230;<\/p>","protected":false},"author":3,"featured_media":0,"parent":0,"menu_order":0,"comment_status":"closed","ping_status":"closed","template":"","meta":{"footnotes":""},"class_list":["post-30128","page","type-page","status-publish","hentry"],"yoast_head":"<!-- This site is optimized with the Yoast SEO plugin v27.4 - https:\/\/yoast.com\/product\/yoast-seo-wordpress\/ -->\n<title>Insights - CCE Mining<\/title>\n<meta name=\"robots\" content=\"index, follow, max-snippet:-1, max-image-preview:large, max-video-preview:-1\" \/>\n<link rel=\"canonical\" href=\"https:\/\/ccemining.com\/en\/insights\/\" \/>\n<meta property=\"og:locale\" content=\"en_US\" \/>\n<meta property=\"og:type\" content=\"article\" \/>\n<meta property=\"og:title\" content=\"Insights - CCE Mining\" \/>\n<meta property=\"og:description\" content=\"Insights NI 43-101 vs JORC : quelles diff\u00e9rences pour votre projet minier ? \u00ab\u00a0Dans l&rsquo;industrie mini\u00e8re mondiale, la transparence et la rigueur dans la d\u00e9claration des ressources et r\u00e9serves min\u00e9rales sont essentielles pour attirer les investisseurs&#8230;\u00a0\u00bb Lire plus 5 min de lecture Comment optimiser la teneur de coupure pour maximiser la VAN de votre projet...\" \/>\n<meta property=\"og:url\" content=\"https:\/\/ccemining.com\/en\/insights\/\" \/>\n<meta property=\"og:site_name\" content=\"CCE Mining\" \/>\n<meta property=\"article:modified_time\" content=\"2026-05-08T10:15:37+00:00\" \/>\n<meta property=\"og:image\" content=\"https:\/\/ccemining.com\/wp-content\/uploads\/2026\/05\/pexels-kelly-6595788-scaled.jpg\" \/>\n\t<meta property=\"og:image:width\" content=\"2560\" \/>\n\t<meta property=\"og:image:height\" content=\"1705\" \/>\n\t<meta property=\"og:image:type\" content=\"image\/jpeg\" \/>\n<meta name=\"twitter:card\" content=\"summary_large_image\" \/>\n<meta name=\"twitter:label1\" content=\"Est. reading time\" \/>\n\t<meta name=\"twitter:data1\" content=\"1 minute\" \/>\n<script type=\"application\/ld+json\" class=\"yoast-schema-graph\">{\"@context\":\"https:\\\/\\\/schema.org\",\"@graph\":[{\"@type\":\"WebPage\",\"@id\":\"https:\\\/\\\/ccemining.com\\\/insights\\\/\",\"url\":\"https:\\\/\\\/ccemining.com\\\/insights\\\/\",\"name\":\"Insights - CCE Mining\",\"isPartOf\":{\"@id\":\"https:\\\/\\\/ccemining.com\\\/#website\"},\"primaryImageOfPage\":{\"@id\":\"https:\\\/\\\/ccemining.com\\\/insights\\\/#primaryimage\"},\"image\":{\"@id\":\"https:\\\/\\\/ccemining.com\\\/insights\\\/#primaryimage\"},\"thumbnailUrl\":\"https:\\\/\\\/ccemining.com\\\/wp-content\\\/uploads\\\/2026\\\/05\\\/pexels-kelly-6595788-1024x682.jpg\",\"datePublished\":\"2026-05-07T16:48:50+00:00\",\"dateModified\":\"2026-05-08T10:15:37+00:00\",\"breadcrumb\":{\"@id\":\"https:\\\/\\\/ccemining.com\\\/insights\\\/#breadcrumb\"},\"inLanguage\":\"en-US\",\"potentialAction\":[{\"@type\":\"ReadAction\",\"target\":[\"https:\\\/\\\/ccemining.com\\\/insights\\\/\"]}]},{\"@type\":\"ImageObject\",\"inLanguage\":\"en-US\",\"@id\":\"https:\\\/\\\/ccemining.com\\\/insights\\\/#primaryimage\",\"url\":\"https:\\\/\\\/ccemining.com\\\/wp-content\\\/uploads\\\/2026\\\/05\\\/pexels-kelly-6595788-1024x682.jpg\",\"contentUrl\":\"https:\\\/\\\/ccemining.com\\\/wp-content\\\/uploads\\\/2026\\\/05\\\/pexels-kelly-6595788-1024x682.jpg\"},{\"@type\":\"BreadcrumbList\",\"@id\":\"https:\\\/\\\/ccemining.com\\\/insights\\\/#breadcrumb\",\"itemListElement\":[{\"@type\":\"ListItem\",\"position\":1,\"name\":\"Home\",\"item\":\"https:\\\/\\\/ccemining.com\\\/\"},{\"@type\":\"ListItem\",\"position\":2,\"name\":\"Insights\"}]},{\"@type\":\"WebSite\",\"@id\":\"https:\\\/\\\/ccemining.com\\\/#website\",\"url\":\"https:\\\/\\\/ccemining.com\\\/\",\"name\":\"CCE Mining\",\"description\":\"Experts en exploitation mini\u00e8re \u00e0 Montr\u00e9al\",\"publisher\":{\"@id\":\"https:\\\/\\\/ccemining.com\\\/#organization\"},\"potentialAction\":[{\"@type\":\"SearchAction\",\"target\":{\"@type\":\"EntryPoint\",\"urlTemplate\":\"https:\\\/\\\/ccemining.com\\\/?s={search_term_string}\"},\"query-input\":{\"@type\":\"PropertyValueSpecification\",\"valueRequired\":true,\"valueName\":\"search_term_string\"}}],\"inLanguage\":\"en-US\"},{\"@type\":\"Organization\",\"@id\":\"https:\\\/\\\/ccemining.com\\\/#organization\",\"name\":\"CCE Mining\",\"url\":\"https:\\\/\\\/ccemining.com\\\/\",\"logo\":{\"@type\":\"ImageObject\",\"inLanguage\":\"en-US\",\"@id\":\"https:\\\/\\\/ccemining.com\\\/#\\\/schema\\\/logo\\\/image\\\/\",\"url\":\"https:\\\/\\\/ccemining.com\\\/wp-content\\\/uploads\\\/2024\\\/03\\\/cropped-LOGO-CCE-1-scaled-1.png\",\"contentUrl\":\"https:\\\/\\\/ccemining.com\\\/wp-content\\\/uploads\\\/2024\\\/03\\\/cropped-LOGO-CCE-1-scaled-1.png\",\"width\":2097,\"height\":762,\"caption\":\"CCE Mining\"},\"image\":{\"@id\":\"https:\\\/\\\/ccemining.com\\\/#\\\/schema\\\/logo\\\/image\\\/\"}}]}<\/script>\n<!-- \/ Yoast SEO plugin. -->","yoast_head_json":{"title":"Insights - CCE Mining","robots":{"index":"index","follow":"follow","max-snippet":"max-snippet:-1","max-image-preview":"max-image-preview:large","max-video-preview":"max-video-preview:-1"},"canonical":"https:\/\/ccemining.com\/en\/insights\/","og_locale":"en_US","og_type":"article","og_title":"Insights - CCE Mining","og_description":"Insights NI 43-101 vs JORC : quelles diff\u00e9rences pour votre projet minier ? \u00ab\u00a0Dans l&rsquo;industrie mini\u00e8re mondiale, la transparence et la rigueur dans la d\u00e9claration des ressources et r\u00e9serves min\u00e9rales sont essentielles pour attirer les investisseurs&#8230;\u00a0\u00bb Lire plus 5 min de lecture Comment optimiser la teneur de coupure pour maximiser la VAN de votre projet...","og_url":"https:\/\/ccemining.com\/en\/insights\/","og_site_name":"CCE Mining","article_modified_time":"2026-05-08T10:15:37+00:00","og_image":[{"width":2560,"height":1705,"url":"https:\/\/ccemining.com\/wp-content\/uploads\/2026\/05\/pexels-kelly-6595788-scaled.jpg","type":"image\/jpeg"}],"twitter_card":"summary_large_image","twitter_misc":{"Est. reading time":"1 minute"},"schema":{"@context":"https:\/\/schema.org","@graph":[{"@type":"WebPage","@id":"https:\/\/ccemining.com\/insights\/","url":"https:\/\/ccemining.com\/insights\/","name":"Insights - CCE Mining","isPartOf":{"@id":"https:\/\/ccemining.com\/#website"},"primaryImageOfPage":{"@id":"https:\/\/ccemining.com\/insights\/#primaryimage"},"image":{"@id":"https:\/\/ccemining.com\/insights\/#primaryimage"},"thumbnailUrl":"https:\/\/ccemining.com\/wp-content\/uploads\/2026\/05\/pexels-kelly-6595788-1024x682.jpg","datePublished":"2026-05-07T16:48:50+00:00","dateModified":"2026-05-08T10:15:37+00:00","breadcrumb":{"@id":"https:\/\/ccemining.com\/insights\/#breadcrumb"},"inLanguage":"en-US","potentialAction":[{"@type":"ReadAction","target":["https:\/\/ccemining.com\/insights\/"]}]},{"@type":"ImageObject","inLanguage":"en-US","@id":"https:\/\/ccemining.com\/insights\/#primaryimage","url":"https:\/\/ccemining.com\/wp-content\/uploads\/2026\/05\/pexels-kelly-6595788-1024x682.jpg","contentUrl":"https:\/\/ccemining.com\/wp-content\/uploads\/2026\/05\/pexels-kelly-6595788-1024x682.jpg"},{"@type":"BreadcrumbList","@id":"https:\/\/ccemining.com\/insights\/#breadcrumb","itemListElement":[{"@type":"ListItem","position":1,"name":"Home","item":"https:\/\/ccemining.com\/"},{"@type":"ListItem","position":2,"name":"Insights"}]},{"@type":"WebSite","@id":"https:\/\/ccemining.com\/#website","url":"https:\/\/ccemining.com\/","name":"CCE Mining","description":"Mining experts in Montreal","publisher":{"@id":"https:\/\/ccemining.com\/#organization"},"potentialAction":[{"@type":"SearchAction","target":{"@type":"EntryPoint","urlTemplate":"https:\/\/ccemining.com\/?s={search_term_string}"},"query-input":{"@type":"PropertyValueSpecification","valueRequired":true,"valueName":"search_term_string"}}],"inLanguage":"en-US"},{"@type":"Organization","@id":"https:\/\/ccemining.com\/#organization","name":"CCE Mining","url":"https:\/\/ccemining.com\/","logo":{"@type":"ImageObject","inLanguage":"en-US","@id":"https:\/\/ccemining.com\/#\/schema\/logo\/image\/","url":"https:\/\/ccemining.com\/wp-content\/uploads\/2024\/03\/cropped-LOGO-CCE-1-scaled-1.png","contentUrl":"https:\/\/ccemining.com\/wp-content\/uploads\/2024\/03\/cropped-LOGO-CCE-1-scaled-1.png","width":2097,"height":762,"caption":"CCE Mining"},"image":{"@id":"https:\/\/ccemining.com\/#\/schema\/logo\/image\/"}}]}},"_links":{"self":[{"href":"https:\/\/ccemining.com\/en\/wp-json\/wp\/v2\/pages\/30128","targetHints":{"allow":["GET"]}}],"collection":[{"href":"https:\/\/ccemining.com\/en\/wp-json\/wp\/v2\/pages"}],"about":[{"href":"https:\/\/ccemining.com\/en\/wp-json\/wp\/v2\/types\/page"}],"author":[{"embeddable":true,"href":"https:\/\/ccemining.com\/en\/wp-json\/wp\/v2\/users\/3"}],"replies":[{"embeddable":true,"href":"https:\/\/ccemining.com\/en\/wp-json\/wp\/v2\/comments?post=30128"}],"version-history":[{"count":38,"href":"https:\/\/ccemining.com\/en\/wp-json\/wp\/v2\/pages\/30128\/revisions"}],"predecessor-version":[{"id":30318,"href":"https:\/\/ccemining.com\/en\/wp-json\/wp\/v2\/pages\/30128\/revisions\/30318"}],"wp:attachment":[{"href":"https:\/\/ccemining.com\/en\/wp-json\/wp\/v2\/media?parent=30128"}],"curies":[{"name":"wp","href":"https:\/\/api.w.org\/{rel}","templated":true}]}}